{"id":10,"date":"2024-03-11T15:26:32","date_gmt":"2024-03-11T14:26:32","guid":{"rendered":"https:\/\/martinmichaeli.com\/?page_id=10"},"modified":"2024-08-29T15:11:09","modified_gmt":"2024-08-29T13:11:09","slug":"kontakt","status":"publish","type":"page","link":"https:\/\/martinmichaeli.com\/fr\/kontakt\/","title":{"rendered":"Vous avez des questions ?"},"content":{"rendered":"\n<p>Si vous souhaitez en savoir plus sur Martin Michaeli ou si vous avez des questions, n\u2019h\u00e9sitez pas \u00e0 prendre contact avec nous. (Veuillez noter que nous ne pouvons pas r\u00e9pondre aux questions des clients li\u00e9es \u00e0 l&rsquo;achat d&rsquo;un produit d&rsquo;une des marques du groupe Mephisto. Veuillez vous adresser au service client\u00e8le correspondant du commer\u00e7ant aupr\u00e8s duquel vous avez achet\u00e9 le produit.)<\/p>\n\n\n<div class=\"wpforms-container wpforms-container-full wpforms-block wpforms-block-5ec6a532-e02c-4041-8244-0a86b90ef464 wpforms-render-modern\" id=\"wpforms-344\"><form id=\"wpforms-form-344\" class=\"wpforms-validate wpforms-form wpforms-ajax-form\" data-formid=\"344\" method=\"post\" enctype=\"multipart\/form-data\" action=\"\/fr\/wp-json\/wp\/v2\/pages\/10\" data-token=\"a3a96093844f5828b646103960dca2cd\" data-token-time=\"1778298632\"><noscript class=\"wpforms-error-noscript\">Veuillez activer JavaScript dans votre navigateur pour remplir ce formulaire.<\/noscript><div id=\"wpforms-error-noscript\" style=\"display: none;\">Veuillez activer JavaScript dans votre navigateur pour remplir ce formulaire.<\/div><div class=\"wpforms-field-container\"><div id=\"wpforms-344-field_0-container\" class=\"wpforms-field wpforms-field-name\" data-field-id=\"0\"><fieldset><legend class=\"wpforms-field-label wpforms-label-hide\" aria-hidden=\"false\">Name <span class=\"wpforms-required-label\" aria-hidden=\"true\">*<\/span><\/legend><div class=\"wpforms-field-row wpforms-field-medium\"><div class=\"wpforms-field-row-block wpforms-first wpforms-one-half\"><input type=\"text\" id=\"wpforms-344-field_0\" class=\"wpforms-field-name-first wpforms-field-required\" name=\"wpforms[fields][0][first]\" placeholder=\"Pr\u00e9nom\" aria-errormessage=\"wpforms-344-field_0-error\" required><label for=\"wpforms-344-field_0\" class=\"wpforms-field-sublabel after wpforms-sublabel-hide\">Pr\u00e9nom<\/label><\/div><div class=\"wpforms-field-row-block wpforms-one-half\"><input type=\"text\" id=\"wpforms-344-field_0-last\" class=\"wpforms-field-name-last wpforms-field-required\" name=\"wpforms[fields][0][last]\" placeholder=\"Nom\" aria-errormessage=\"wpforms-344-field_0-last-error\" required><label for=\"wpforms-344-field_0-last\" class=\"wpforms-field-sublabel after wpforms-sublabel-hide\">Nom<\/label><\/div><\/div><\/fieldset><\/div><div id=\"wpforms-344-field_1-container\" class=\"wpforms-field wpforms-field-email\" data-field-id=\"1\"><label class=\"wpforms-field-label wpforms-label-hide\" for=\"wpforms-344-field_1\" aria-hidden=\"false\">E-Mail-Adresse <span class=\"wpforms-required-label\" aria-hidden=\"true\">*<\/span><\/label><input type=\"email\" id=\"wpforms-344-field_1\" class=\"wpforms-field-medium wpforms-field-required\" name=\"wpforms[fields][1]\" placeholder=\"Votre adresse e-mail\" spellcheck=\"false\" aria-errormessage=\"wpforms-344-field_1-error\" required><\/div><div id=\"wpforms-344-field_2-container\" class=\"wpforms-field wpforms-field-textarea\" data-field-id=\"2\"><label class=\"wpforms-field-label wpforms-label-hide\" for=\"wpforms-344-field_2\" aria-hidden=\"false\">Kommentar oder Nachricht<\/label><textarea id=\"wpforms-344-field_2\" class=\"wpforms-field-medium wpforms-limit-words-enabled\" data-form-id=\"344\" data-field-id=\"2\" data-text-limit=\"300\" name=\"wpforms[fields][2]\" placeholder=\"Votre message\" aria-errormessage=\"wpforms-344-field_2-error\" ><\/textarea><\/div><\/div><!-- .wpforms-field-container --><div class=\"wpforms-recaptcha-container wpforms-is-recaptcha wpforms-is-recaptcha-type-v3\" ><input type=\"hidden\" name=\"wpforms[recaptcha]\" value=\"\"><\/div><div class=\"wpforms-submit-container\" ><input type=\"hidden\" name=\"wpforms[id]\" value=\"344\"><input type=\"hidden\" name=\"page_title\" value=\"\"><input type=\"hidden\" name=\"page_url\" value=\"https:\/\/martinmichaeli.com\/fr\/wp-json\/wp\/v2\/pages\/10\"><input type=\"hidden\" name=\"url_referer\" value=\"\"><button type=\"submit\" name=\"wpforms[submit]\" id=\"wpforms-submit-344\" class=\"wpforms-submit\" data-alt-text=\"En cours d&#039;envoi ...\" data-submit-text=\"Envoyer\" aria-live=\"assertive\" value=\"wpforms-submit\">Envoyer<\/button><img loading=\"lazy\" decoding=\"async\" src=\"https:\/\/martinmichaeli.com\/wp-content\/plugins\/wpforms-lite\/assets\/images\/submit-spin.svg\" class=\"wpforms-submit-spinner\" style=\"display: none;\" width=\"26\" height=\"26\" alt=\"Chargement en cours\"><\/div><\/form><\/div>  <!-- .wpforms-container -->\n\n\n<div class=\"wp-block-group alignfull has-background-color has-base-2-background-color has-background has-global-padding is-layout-constrained wp-container-core-group-is-layout-5d2f8bdc wp-block-group-is-layout-constrained\" style=\"margin-top:0;margin-bottom:0;padding-top:var(--wp--preset--spacing--40);padding-right:var(--wp--preset--spacing--30);padding-bottom:var(--wp--preset--spacing--40);padding-left:var(--wp--preset--spacing--30)\">\n<div class=\"wp-block-group alignwide is-content-justification-space-between is-layout-flex wp-container-core-group-is-layout-b585a4aa wp-block-group-is-layout-flex\">\n<div class=\"wp-block-group is-layout-flex wp-block-group-is-layout-flex\"><h1 class=\"wp-block-site-title has-small-font-size\"><a href=\"https:\/\/martinmichaeli.com\/fr\" target=\"_self\" rel=\"home\"> MARTIN MICHAELI &#8211; L&#039;histoire d&rsquo;une r&eacute;ussite<\/a><\/h1><\/div>\n\n\n\n<p class=\"has-small-font-size\">\u00a9 Copyright 2024 Martin Michaeli | Tous droits r\u00e9serv\u00e9s<\/p>\n<\/div>\n<\/div>\n","protected":false},"excerpt":{"rendered":"<p>Si vous souhaitez en savoir plus sur Martin Michaeli ou si vous avez des questions, n\u2019h\u00e9sitez pas \u00e0 prendre contact avec nous. (Veuillez noter que nous ne pouvons pas r\u00e9pondre aux questions des clients li\u00e9es \u00e0 l&rsquo;achat d&rsquo;un produit d&rsquo;une des marques du groupe Mephisto. Veuillez vous adresser au service client\u00e8le correspondant du commer\u00e7ant aupr\u00e8s [&hellip;]<\/p>\n","protected":false},"author":1,"featured_media":0,"parent":0,"menu_order":0,"comment_status":"closed","ping_status":"closed","template":"","meta":{"footnotes":""},"class_list":["post-10","page","type-page","status-publish","hentry"],"translation":{"provider":"WPGlobus","version":"3.0.2","language":"fr","enabled_languages":["de","fr","en"],"languages":{"de":{"title":true,"content":true,"excerpt":false},"fr":{"title":true,"content":true,"excerpt":false},"en":{"title":true,"content":true,"excerpt":false}}},"yoast_head":"<!-- This site is optimized with the Yoast SEO plugin v27.5 - https:\/\/yoast.com\/product\/yoast-seo-wordpress\/ -->\n<title>Vous avez des questions ? - MARTIN MICHAELI - L&#039;histoire d&rsquo;une r&eacute;ussite<\/title>\n<meta name=\"robots\" content=\"index, follow, max-snippet:-1, max-image-preview:large, max-video-preview:-1\" \/>\n<link rel=\"canonical\" href=\"https:\/\/martinmichaeli.com\/kontakt\/\" \/>\n<meta property=\"og:locale\" content=\"fr_FR\" \/>\n<meta property=\"og:type\" content=\"article\" \/>\n<meta property=\"og:title\" content=\"Vous avez des questions ? - MARTIN MICHAELI - L&#039;histoire d&rsquo;une r&eacute;ussite\" \/>\n<meta property=\"og:url\" content=\"https:\/\/martinmichaeli.com\/kontakt\/\" \/>\n<meta property=\"og:site_name\" content=\"MARTIN MICHAELI - L&#039;histoire d&rsquo;une r&eacute;ussite\" \/>\n<meta property=\"article:modified_time\" content=\"2024-08-29T13:11:09+00:00\" \/>\n<meta name=\"twitter:card\" content=\"summary_large_image\" \/>\n<meta name=\"twitter:label1\" content=\"Dur\u00e9e de lecture estim\u00e9e\" \/>\n\t<meta name=\"twitter:data1\" content=\"1 minute\" \/>\n<script type=\"application\/ld+json\" class=\"yoast-schema-graph\">{\"@context\":\"https:\\\/\\\/schema.org\",\"@graph\":[{\"@type\":\"WebPage\",\"@id\":\"https:\\\/\\\/martinmichaeli.com\\\/kontakt\\\/\",\"url\":\"https:\\\/\\\/martinmichaeli.com\\\/kontakt\\\/\",\"name\":\"Vous avez des questions ? - MARTIN MICHAELI - L'histoire d&rsquo;une r&eacute;ussite\",\"isPartOf\":{\"@id\":\"https:\\\/\\\/martinmichaeli.com\\\/#website\"},\"datePublished\":\"2024-03-11T14:26:32+00:00\",\"dateModified\":\"2024-08-29T13:11:09+00:00\",\"breadcrumb\":{\"@id\":\"https:\\\/\\\/martinmichaeli.com\\\/kontakt\\\/#breadcrumb\"},\"inLanguage\":\"fr-FR\",\"potentialAction\":[{\"@type\":\"ReadAction\",\"target\":[\"https:\\\/\\\/martinmichaeli.com\\\/kontakt\\\/\"]}]},{\"@type\":\"BreadcrumbList\",\"@id\":\"https:\\\/\\\/martinmichaeli.com\\\/kontakt\\\/#breadcrumb\",\"itemListElement\":[{\"@type\":\"ListItem\",\"position\":1,\"name\":\"Home\",\"item\":\"https:\\\/\\\/martinmichaeli.com\\\/\"},{\"@type\":\"ListItem\",\"position\":2,\"name\":\"Sie haben Fragen?\"}]},{\"@type\":\"WebSite\",\"@id\":\"https:\\\/\\\/martinmichaeli.com\\\/#website\",\"url\":\"https:\\\/\\\/martinmichaeli.com\\\/\",\"name\":\"MARTIN MICHAELI - L'histoire d&rsquo;une r&eacute;ussite\",\"description\":\"Chevalier de la L&eacute;gion d&rsquo;Honneur, Chevalier de l&rsquo;Ordre National du M&eacute;rite, Entrepreneur de l&rsquo;ann&eacute;e 1999\",\"potentialAction\":[{\"@type\":\"SearchAction\",\"target\":{\"@type\":\"EntryPoint\",\"urlTemplate\":\"https:\\\/\\\/martinmichaeli.com\\\/?s={search_term_string}\"},\"query-input\":{\"@type\":\"PropertyValueSpecification\",\"valueRequired\":true,\"valueName\":\"search_term_string\"}}],\"inLanguage\":\"fr-FR\"}]}<\/script>\n<!-- \/ Yoast SEO plugin. -->","yoast_head_json":{"title":"Vous avez des questions ? - MARTIN MICHAELI - L'histoire d&rsquo;une r&eacute;ussite","robots":{"index":"index","follow":"follow","max-snippet":"max-snippet:-1","max-image-preview":"max-image-preview:large","max-video-preview":"max-video-preview:-1"},"canonical":"https:\/\/martinmichaeli.com\/kontakt\/","og_locale":"fr_FR","og_type":"article","og_title":"Vous avez des questions ? - MARTIN MICHAELI - L'histoire d&rsquo;une r&eacute;ussite","og_url":"https:\/\/martinmichaeli.com\/kontakt\/","og_site_name":"MARTIN MICHAELI - L'histoire d&rsquo;une r&eacute;ussite","article_modified_time":"2024-08-29T13:11:09+00:00","twitter_card":"summary_large_image","twitter_misc":{"Dur\u00e9e de lecture estim\u00e9e":"1 minute"},"schema":{"@context":"https:\/\/schema.org","@graph":[{"@type":"WebPage","@id":"https:\/\/martinmichaeli.com\/kontakt\/","url":"https:\/\/martinmichaeli.com\/kontakt\/","name":"Vous avez des questions ? - MARTIN MICHAELI - L'histoire d&rsquo;une r&eacute;ussite","isPartOf":{"@id":"https:\/\/martinmichaeli.com\/#website"},"datePublished":"2024-03-11T14:26:32+00:00","dateModified":"2024-08-29T13:11:09+00:00","breadcrumb":{"@id":"https:\/\/martinmichaeli.com\/kontakt\/#breadcrumb"},"inLanguage":"fr-FR","potentialAction":[{"@type":"ReadAction","target":["https:\/\/martinmichaeli.com\/kontakt\/"]}]},{"@type":"BreadcrumbList","@id":"https:\/\/martinmichaeli.com\/kontakt\/#breadcrumb","itemListElement":[{"@type":"ListItem","position":1,"name":"Home","item":"https:\/\/martinmichaeli.com\/"},{"@type":"ListItem","position":2,"name":"Sie haben Fragen?"}]},{"@type":"WebSite","@id":"https:\/\/martinmichaeli.com\/#website","url":"https:\/\/martinmichaeli.com\/","name":"MARTIN MICHAELI - L'histoire d&rsquo;une r&eacute;ussite","description":"Chevalier de la L&eacute;gion d&rsquo;Honneur, Chevalier de l&rsquo;Ordre National du M&eacute;rite, Entrepreneur de l&rsquo;ann&eacute;e 1999","potentialAction":[{"@type":"SearchAction","target":{"@type":"EntryPoint","urlTemplate":"https:\/\/martinmichaeli.com\/?s={search_term_string}"},"query-input":{"@type":"PropertyValueSpecification","valueRequired":true,"valueName":"search_term_string"}}],"inLanguage":"fr-FR"}]}},"_links":{"self":[{"href":"https:\/\/martinmichaeli.com\/fr\/wp-json\/wp\/v2\/pages\/10","targetHints":{"allow":["GET"]}}],"collection":[{"href":"https:\/\/martinmichaeli.com\/fr\/wp-json\/wp\/v2\/pages"}],"about":[{"href":"https:\/\/martinmichaeli.com\/fr\/wp-json\/wp\/v2\/types\/page"}],"author":[{"embeddable":true,"href":"https:\/\/martinmichaeli.com\/fr\/wp-json\/wp\/v2\/users\/1"}],"replies":[{"embeddable":true,"href":"https:\/\/martinmichaeli.com\/fr\/wp-json\/wp\/v2\/comments?post=10"}],"version-history":[{"count":18,"href":"https:\/\/martinmichaeli.com\/fr\/wp-json\/wp\/v2\/pages\/10\/revisions"}],"predecessor-version":[{"id":389,"href":"https:\/\/martinmichaeli.com\/fr\/wp-json\/wp\/v2\/pages\/10\/revisions\/389"}],"wp:attachment":[{"href":"https:\/\/martinmichaeli.com\/fr\/wp-json\/wp\/v2\/media?parent=10"}],"curies":[{"name":"wp","href":"https:\/\/api.w.org\/{rel}","templated":true}]}}