{"id":161,"date":"2024-03-25T14:46:11","date_gmt":"2024-03-25T13:46:11","guid":{"rendered":"https:\/\/martinmichaeli.com\/?page_id=161"},"modified":"2024-03-26T15:06:31","modified_gmt":"2024-03-26T14:06:31","slug":"interview-faz2015","status":"publish","type":"page","link":"https:\/\/martinmichaeli.com\/fr\/interview-faz2015\/","title":{"rendered":"\u00ab Nous sommes le dernier porte-drapeau de la chaussure fran\u00e7aise \u00bb"},"content":{"rendered":"\n<blockquote class=\"wp-block-quote is-layout-flow wp-block-quote-is-layout-flow\">\n<p class=\"has-large-font-size\" style=\"margin-right:0;margin-left:0\">Confortables, d\u2019une long\u00e9vit\u00e9 \u00e9tonnante et chics malgr\u00e9 tout &#8211; telles sont les chaussures qu\u2019un Fran\u00e7ais d\u2019origine allemande est capable de produire encore aujourd\u2019hui en Europe.<\/p>\n<cite><strong>L\u2019interview de l\u2019entrepreneur\u00a0<\/strong> | Martin Michaeli, fondateur et propri\u00e9taire de la manufacture fran\u00e7aise de chaussures MEPHISTO<\/cite><\/blockquote>\n\n\n\n<div style=\"height:31px\" aria-hidden=\"true\" class=\"wp-block-spacer\"><\/div>\n\n\n\n<div class=\"wp-block-media-text is-stacked-on-mobile\"><figure class=\"wp-block-media-text__media\"><img loading=\"lazy\" decoding=\"async\" width=\"864\" height=\"750\" src=\"https:\/\/martinmichaeli.com\/wp-content\/uploads\/2024\/03\/FAZ-Artikel-2015-03-02-WEB-1.jpg\" alt=\"\" class=\"wp-image-159 size-full\" srcset=\"https:\/\/martinmichaeli.com\/wp-content\/uploads\/2024\/03\/FAZ-Artikel-2015-03-02-WEB-1.jpg 864w, https:\/\/martinmichaeli.com\/wp-content\/uploads\/2024\/03\/FAZ-Artikel-2015-03-02-WEB-1-300x260.jpg 300w, https:\/\/martinmichaeli.com\/wp-content\/uploads\/2024\/03\/FAZ-Artikel-2015-03-02-WEB-1-768x667.jpg 768w\" sizes=\"auto, (max-width: 864px) 100vw, 864px\" \/><\/figure><div class=\"wp-block-media-text__content\">\n<p class=\"has-text-align-left\">Paru dans le journal \u201cFrankfurter Allgemeine Zeitung f\u00fcr Deutschland<\/p>\n\n\n\n<p><strong>Sarrebourg, 1<sup>er<\/sup> mars 2015<\/strong><\/p>\n<\/div><\/div>\n\n\n\n<div style=\"height:31px\" aria-hidden=\"true\" class=\"wp-block-spacer\"><\/div>\n\n\n\n<div class=\"wp-block-columns is-layout-flex wp-container-core-columns-is-layout-28f84493 wp-block-columns-is-layout-flex\">\n<div class=\"wp-block-column is-layout-flow wp-block-column-is-layout-flow\">\n<p>Depuis les ann\u00e9es 60, l\u2019industrie europ\u00e9enne de la chaussure souffre d\u2019un lent d\u00e9clin qui semble inexorable. Selon la commission europ\u00e9enne, la branche comptait encore 388&nbsp;000 emplois directs en Europe en 2006. En 2012 cependant, ann\u00e9e des derniers chiffres recens\u00e9s, le nombre d\u2019emplois \u00e9tait d\u00e9j\u00e0 tomb\u00e9 \u00e0 280&nbsp;000.<\/p>\n\n\n\n<p>Cependant, une petite ville fran\u00e7aise, qui appartenait autrefois \u00e0 la Gaule, r\u00e9siste, m\u00eame si le h\u00e9ros de cette histoire n\u2019est pas celui de la c\u00e9l\u00e8bre BD \u00ab&nbsp;Ast\u00e9rix&nbsp;\u00bb, mais un entrepreneur allemand bien r\u00e9el du nom de Martin Michaeli. Depuis 50 ans, il produit \u00e0 Sarrebourg en Lorraine des collections de chaussures qui connaissent le succ\u00e8s dans le monde entier. Angela Merkel, Arnold Schwarzenegger, Steven Spielberg, la reine d\u2019Espagne, Brad Pitt et George Clooney tout comme jadis le Pape Jean-Paul II, Luciano Pavarotti et Margaret Thatcher \u2013 tous portent ou ont port\u00e9 \u00e0 un moment ou \u00e0 un autre de leur vie un mod\u00e8le d\u2019une des quatre collections de MEPHISTO.<\/p>\n\n\n\n<p>\u00ab&nbsp;MEPHISTO est le dernier porte-drapeau de la fabrication traditionnelle de la chaussure en France&nbsp;\u00bb, dit Martin Michaeli. L\u2019allemand de 69 ans, qui ne fait pourtant pas son \u00e2ge, est extr\u00eamement fier de l\u2019\u0153uvre de sa vie et n\u2019en fait pas de myst\u00e8re. Il a bien raison puisque son succ\u00e8s dans le combat quotidien contre le changement structurel est plus que remarquable. La grande partie de la production MEPHISTO provient aujourd\u2019hui de ses usines au Portugal et en France. Avec ses 2&nbsp;800 salari\u00e9s (dont pr\u00e8s de 2&nbsp;000 au Portugal et 600 en France), MEPHISTO produit 3,6 millions de paires de chaussures par an.<\/p>\n\n\n\n<p>St\u00e9phanie, la fille de Martin Michaeli, ainsi que Marc, son fils, occupent des postes de dirigeants au sein de l\u2019entreprise et doivent continuer le combat. Le concept est le suivant&nbsp;: produire des chaussures d\u2019une grande qualit\u00e9 et avant tout confortables. Les arguments forts du marketing MEPHISTO sont&nbsp;: la souplesse de la vo\u00fbte, l\u2019utilisation de mat\u00e9riaux naturels et surtout la sauvegarde d\u2019un savoir-faire artisanal exceptionnel&nbsp;: toutes les chaussures sont&nbsp; \u00ab&nbsp;faites main \u00bb.<\/p>\n\n\n\n<p>\u00ab&nbsp;MEPHISTO&nbsp;? Ce sont ces godasses incroyablement confortables mais d\u00e9mod\u00e9es que portent les personnes \u00e2g\u00e9es lors de leurs voyages organis\u00e9s en bus&nbsp;\u00bb, a \u00e9crit le quotidien \u00ab&nbsp;Die Welt&nbsp;\u00bb il y a bien longtemps. C\u2019est pr\u00e9cis\u00e9ment contre cette image que l\u2019entreprise se d\u00e9fend. MEPHISTO souhaite que ses chaussures soient faciles \u00e0 porter mais modernes. \u00ab&nbsp;Nous avons 600 mod\u00e8les diff\u00e9rents dans chaque collection parmi lesquels certains sont tr\u00e8s tr\u00e8s chics&nbsp;\u00bb, dit Marc Michaeli, le fils du fondateur de l\u2019entreprise.<\/p>\n\n\n\n<p>L\u2019\u00e9poque o\u00f9 Mephisto vivait en grande partie gr\u00e2ce \u00e0 un seul mod\u00e8le est r\u00e9volue depuis bien longtemps. La fameuse chaussure \u00ab&nbsp;Originals&nbsp;\u00bb &nbsp;\u00e0 la\u00e7age rapide \u00e9tait un bestseller, simple certes, mais tr\u00e8s confortable. Cette chaussure a \u00e9t\u00e9 copi\u00e9e 144 fois. Toute la r\u00e9gion Alsace-Lorraine, m\u00eame le rival Bata, participait \u00e0 la fabrication de ce mod\u00e8le car la capacit\u00e9 de production de MEPHISTO avait atteint son seuil maximal. &nbsp;Le boom a dur\u00e9 plus d\u2019une d\u00e9cennie, \u00ab&nbsp;mais il vint un temps o\u00f9 la focalisation sur ce mod\u00e8le n\u2019\u00e9tait plus acceptable. Les gens ne regardaient plus les autres mod\u00e8les. L\u2019on nous consid\u00e9rait en Allemagne, aux Pays-Bas, en Suisse et en Autriche comme un fabricant n\u2019ayant qu\u2019un seul mod\u00e8le\u00bb, affirme Martin Michaeli.<\/p>\n\n\n\n<p>C\u2019est pourquoi MEPHISTO d\u00e9cida d\u2019\u00e9largir sa gamme. Outre la marque de base, l\u2019entreprise poss\u00e8de aujourd\u2019hui la marque MOBILS ergonomic, la marque ALLROUNDER destin\u00e9e \u00e0 la randonn\u00e9e et aux autres activit\u00e9s de plein air et la marque SANO, une ligne de produits de confort extr\u00eame. Le chef d\u2019entreprise n\u2019aime gu\u00e8re parler des r\u00e9sultats actuels, mais il d\u00e9voile que les ventes MOBILS en Italie et en Espagne par exemple affichent une croissance \u00e0 deux chiffres. SANO en revanche serait encore le maillon faible de la cha\u00eene.<\/p>\n\n\n\n<p>La seule marque \u00e0 \u00eatre produite en Chine est ALLROUNDER&nbsp;; les chaussures ont une grande partie de textile dans leur composition. Martin Michaeli a pris cette d\u00e9cision difficilement. \u00ab&nbsp;Vous y avez beaucoup moins de contr\u00f4le sur la production. Que faire en cas de probl\u00e8me, parce que des clients ont des allergies &nbsp;par exemple ?&nbsp;\u00bb. Par ailleurs, la r\u00e9glementation concernant les tanins y est moins stricte. Mais ne devrait-on pas davantage d\u00e9placer la production vers la Chine car les co\u00fbts de production y sont si faibles&nbsp;?<\/p>\n\n\n\n<p>\u00ab&nbsp;Je ne veux pas\u00bb, r\u00e9pond Martin Michaeli carr\u00e9ment avec un ton de d\u00e9fi et il rajoute&nbsp;: \u00ab&nbsp;\u00e7a, c\u2019est plut\u00f4t quelque chose pour demain.&nbsp;\u00bb La croissance de MEPHISTO en Chine n\u2019est de toute fa\u00e7on pas aussi fabuleuse qu\u2019on se l\u2019\u00e9tait imagin\u00e9, rajoute-t-il. \u00ab&nbsp;Nous avons une centaine de magasins en Chine. Mais les Chinois qui viennent chez nous veulent des chaussures \u00ab&nbsp;made in France&nbsp;\u00bb ou \u00ab&nbsp;made in Europe \u00bb.<\/p>\n\n\n\n<p>Martin Michaeli est une figure l\u00e9gendaire d\u2019entrepreneur comme il est rare d\u2019en trouver aujourd\u2019hui. Ce fils d\u2019un d\u00e9taillant de chaussures voulait depuis toujours devenir un fabricant de chaussures. D\u00e8s la fin de ses \u00e9tudes effectu\u00e9es \u00e0 l\u2019institut de la chaussure \u00e0 Pirmasens, il partit pour l\u2019Am\u00e9rique avec des connaissances limit\u00e9es en anglais pour y devenir rapidement directeur d\u2019usine. Quand il est retourn\u00e9 chez lui apr\u00e8s quelques ann\u00e9es, son ami et \u00e0 la fois le fondateur d\u2019Adidas, Horst Dassler, lui conseilla de fonder sa propre entreprise en Alsace-Lorraine. Car les gens l\u00e0-bas parlent deux langues, sont ouverts au monde et travailleurs. Martin Michaeli alla de village en village et demanda aux maires&nbsp;: \u00ab&nbsp;Avez-vous des communistes chez vous&nbsp;?&nbsp;\u00bb.<\/p>\n\n\n\n<p>Les unions syndicales ne lui inspiraient pas non plus confiance. Il d\u00e9buta en Alsace, puis&nbsp; d\u00e9m\u00e9nagea encore deux fois avant de s\u2019\u00e9tablir finalement au si\u00e8ge social actuel de Sarrebourg, situ\u00e9 \u00e0 80 km \u00e0 l\u2019est de Nancy. Il produisit sans rel\u00e2che, d\u2019abord dans un ancien b\u00e2timent scolaire, puis dans une ancienne \u00e9curie, en ne d\u00e9viant jamais de son objectif&nbsp;: fonder un groupe international. Cela lui a r\u00e9ussi&nbsp;: aujourd\u2019hui MEPHISTO exporte 80% de sa production dans 86 pays. Le chiffre d\u2019affaires devrait s\u2019estimer \u00e0 800 millions d\u2019euros minimum (voir encadr\u00e9). MEPHISTO fait \u00e9galement du b\u00e9n\u00e9fice, assure Martin Michaeli. Il est fier de n\u2019avoir jamais eu recours \u00e0 des r\u00e9ductions de temps de travail tout au long de ses 50 ans d\u2019existence. \u00ab&nbsp;Et nos employ\u00e9s ont re\u00e7u chaque ann\u00e9e une participation au b\u00e9n\u00e9fice correspondant \u00e0 au moins deux mois de salaire\u00bb.<\/p>\n\n\n\n<p>Au cours des ann\u00e9es, l\u2019usine en France a cependant perdu de son importance par rapport au site de production portugais. Seules de petites s\u00e9ries sont encore produites \u00e0 Sarrebourg. En outre, afin de diminuer le poids des co\u00fbts et charges, MEPHISTO se concentre plus particuli\u00e8rement sur l\u2019augmentation de son chiffre d\u2019affaires. C\u2019est pourquoi l\u2019entreprise cherche avant tout \u00e0 d\u00e9velopper ses propres magasins car c\u2019est l\u00e0 o\u00f9 toutes les marques peuvent \u00eatre pr\u00e9sent\u00e9es dans toute leur richesse. En Allemagne, MEPHISTO&nbsp; compte \u00ab&nbsp;trop peu de magasins&nbsp;\u00bb, dit Martin Michaeli, 34 au total par rapport aux 900 implant\u00e9s dans le monde entier. Il cherche les meilleurs emplacements, mais pas les art\u00e8res commer\u00e7antes les plus luxueuses. Un nouveau magasin a ouvert r\u00e9cemment \u00e0 D\u00fcsseldorf dans la <em>Schadowstrasse<\/em>. A l\u2019\u00e9tranger, MEPHISTO est repr\u00e9sent\u00e9 par exemple dans la <em>New Bond Street<\/em> \u00e0 Londres.<\/p>\n\n\n\n<p>M\u00eame si Martin Michaeli vit aujourd\u2019hui en Suisse, il est toujours beaucoup en d\u00e9placement et fixe les grandes lignes d\u2019orientation au sein de la soci\u00e9t\u00e9. \u00ab&nbsp;Je veux encore continuer pendant de nombreuses ann\u00e9es&nbsp;\u00bb, dit-il et d\u2019ajouter sans modestie&nbsp;: \u00ab&nbsp;je suis heureux d\u2019avoir l\u2019entreprise et l\u2019entreprise est heureuse de m\u2019avoir&nbsp;\u00bb.<\/p>\n\n\n\n<p class=\"has-text-align-right\">Christian Schubert<\/p>\n\n\n\n<p><\/p>\n<\/div>\n<\/div>\n\n\n\n<hr class=\"wp-block-separator has-text-color has-accent-5-color has-alpha-channel-opacity has-accent-5-background-color has-background is-style-wide\" style=\"margin-top:0;margin-bottom:0\"\/>\n\n\n\n<div style=\"height:80px\" aria-hidden=\"true\" class=\"wp-block-spacer\"><\/div>\n\n\n\n<div class=\"wp-block-group alignfull has-background-color has-base-2-background-color has-background has-global-padding is-layout-constrained wp-container-core-group-is-layout-5d2f8bdc wp-block-group-is-layout-constrained\" style=\"margin-top:0;margin-bottom:0;padding-top:var(--wp--preset--spacing--40);padding-right:var(--wp--preset--spacing--30);padding-bottom:var(--wp--preset--spacing--40);padding-left:var(--wp--preset--spacing--30)\">\n<div class=\"wp-block-group alignwide is-content-justification-space-between is-layout-flex wp-container-core-group-is-layout-b585a4aa wp-block-group-is-layout-flex\">\n<div class=\"wp-block-group is-layout-flex wp-block-group-is-layout-flex\"><h1 class=\"wp-block-site-title has-small-font-size\"><a href=\"https:\/\/martinmichaeli.com\/fr\" target=\"_self\" rel=\"home\"> MARTIN MICHAELI &#8211; L&#039;histoire d&rsquo;une r&eacute;ussite<\/a><\/h1><\/div>\n\n\n\n<p class=\"has-small-font-size\">\u00a9 Copyright 2024 Martin Michaeli | Tous droits r\u00e9serv\u00e9s<\/p>\n<\/div>\n<\/div>\n","protected":false},"excerpt":{"rendered":"<p>Confortables, d\u2019une long\u00e9vit\u00e9 \u00e9tonnante et chics malgr\u00e9 tout &#8211; telles sont les chaussures qu\u2019un Fran\u00e7ais d\u2019origine allemande est capable de produire encore aujourd\u2019hui en Europe. L\u2019interview de l\u2019entrepreneur\u00a0 | Martin Michaeli, fondateur et propri\u00e9taire de la manufacture fran\u00e7aise de chaussures MEPHISTO Paru dans le journal \u201cFrankfurter Allgemeine Zeitung f\u00fcr Deutschland Sarrebourg, 1er mars 2015 Depuis [&hellip;]<\/p>\n","protected":false},"author":1,"featured_media":0,"parent":0,"menu_order":0,"comment_status":"closed","ping_status":"closed","template":"","meta":{"footnotes":""},"class_list":["post-161","page","type-page","status-publish","hentry"],"translation":{"provider":"WPGlobus","version":"3.0.2","language":"fr","enabled_languages":["de","fr","en"],"languages":{"de":{"title":true,"content":true,"excerpt":false},"fr":{"title":true,"content":true,"excerpt":false},"en":{"title":true,"content":true,"excerpt":false}}},"yoast_head":"<!-- This site is optimized with the Yoast SEO plugin v27.5 - https:\/\/yoast.com\/product\/yoast-seo-wordpress\/ -->\n<title>\u00ab Nous sommes le dernier porte-drapeau de la chaussure fran\u00e7aise \u00bb - MARTIN MICHAELI - L&#039;histoire d&rsquo;une r&eacute;ussite<\/title>\n<meta name=\"robots\" content=\"index, follow, max-snippet:-1, max-image-preview:large, max-video-preview:-1\" \/>\n<link rel=\"canonical\" href=\"https:\/\/martinmichaeli-5qqj2uickv.live-website.com\/interview-faz2015\/\" \/>\n<meta property=\"og:locale\" content=\"fr_FR\" \/>\n<meta property=\"og:type\" content=\"article\" \/>\n<meta property=\"og:title\" content=\"\u00ab Nous sommes le dernier porte-drapeau de la chaussure fran\u00e7aise \u00bb - MARTIN MICHAELI - L&#039;histoire d&rsquo;une r&eacute;ussite\" \/>\n<meta property=\"og:url\" content=\"https:\/\/martinmichaeli-5qqj2uickv.live-website.com\/interview-faz2015\/\" \/>\n<meta property=\"og:site_name\" content=\"MARTIN MICHAELI - L&#039;histoire d&rsquo;une r&eacute;ussite\" \/>\n<meta property=\"article:modified_time\" content=\"2024-03-26T14:06:31+00:00\" \/>\n<meta property=\"og:image\" content=\"https:\/\/martinmichaeli-5qqj2uickv.live-website.com\/wp-content\/uploads\/2024\/03\/FAZ-Artikel-2015-03-02-WEB-1.jpg\" \/>\n<meta name=\"twitter:card\" content=\"summary_large_image\" \/>\n<meta name=\"twitter:label1\" content=\"Dur\u00e9e de lecture estim\u00e9e\" \/>\n\t<meta name=\"twitter:data1\" content=\"8 minutes\" \/>\n<script type=\"application\/ld+json\" class=\"yoast-schema-graph\">{\"@context\":\"https:\\\/\\\/schema.org\",\"@graph\":[{\"@type\":\"WebPage\",\"@id\":\"https:\\\/\\\/martinmichaeli-5qqj2uickv.live-website.com\\\/interview-faz2015\\\/\",\"url\":\"https:\\\/\\\/martinmichaeli-5qqj2uickv.live-website.com\\\/interview-faz2015\\\/\",\"name\":\"\u00ab Nous sommes le dernier porte-drapeau de la chaussure fran\u00e7aise \u00bb - MARTIN MICHAELI - L'histoire d&rsquo;une r&eacute;ussite\",\"isPartOf\":{\"@id\":\"https:\\\/\\\/martinmichaeli.com\\\/#website\"},\"primaryImageOfPage\":{\"@id\":\"https:\\\/\\\/martinmichaeli-5qqj2uickv.live-website.com\\\/interview-faz2015\\\/#primaryimage\"},\"image\":{\"@id\":\"https:\\\/\\\/martinmichaeli-5qqj2uickv.live-website.com\\\/interview-faz2015\\\/#primaryimage\"},\"thumbnailUrl\":\"https:\\\/\\\/martinmichaeli.com\\\/wp-content\\\/uploads\\\/2024\\\/03\\\/FAZ-Artikel-2015-03-02-WEB-1.jpg\",\"datePublished\":\"2024-03-25T13:46:11+00:00\",\"dateModified\":\"2024-03-26T14:06:31+00:00\",\"breadcrumb\":{\"@id\":\"https:\\\/\\\/martinmichaeli-5qqj2uickv.live-website.com\\\/interview-faz2015\\\/#breadcrumb\"},\"inLanguage\":\"fr-FR\",\"potentialAction\":[{\"@type\":\"ReadAction\",\"target\":[\"https:\\\/\\\/martinmichaeli-5qqj2uickv.live-website.com\\\/interview-faz2015\\\/\"]}]},{\"@type\":\"ImageObject\",\"inLanguage\":\"fr-FR\",\"@id\":\"https:\\\/\\\/martinmichaeli-5qqj2uickv.live-website.com\\\/interview-faz2015\\\/#primaryimage\",\"url\":\"https:\\\/\\\/martinmichaeli.com\\\/wp-content\\\/uploads\\\/2024\\\/03\\\/FAZ-Artikel-2015-03-02-WEB-1.jpg\",\"contentUrl\":\"https:\\\/\\\/martinmichaeli.com\\\/wp-content\\\/uploads\\\/2024\\\/03\\\/FAZ-Artikel-2015-03-02-WEB-1.jpg\"},{\"@type\":\"BreadcrumbList\",\"@id\":\"https:\\\/\\\/martinmichaeli-5qqj2uickv.live-website.com\\\/interview-faz2015\\\/#breadcrumb\",\"itemListElement\":[{\"@type\":\"ListItem\",\"position\":1,\"name\":\"Home\",\"item\":\"https:\\\/\\\/martinmichaeli.com\\\/\"},{\"@type\":\"ListItem\",\"position\":2,\"name\":\"\u00abWir halten die letzte Fahne hoch\u00bb\"}]},{\"@type\":\"WebSite\",\"@id\":\"https:\\\/\\\/martinmichaeli.com\\\/#website\",\"url\":\"https:\\\/\\\/martinmichaeli.com\\\/\",\"name\":\"MARTIN MICHAELI - L'histoire d&rsquo;une r&eacute;ussite\",\"description\":\"Chevalier de la L&eacute;gion d&rsquo;Honneur, Chevalier de l&rsquo;Ordre National du M&eacute;rite, Entrepreneur de l&rsquo;ann&eacute;e 1999\",\"potentialAction\":[{\"@type\":\"SearchAction\",\"target\":{\"@type\":\"EntryPoint\",\"urlTemplate\":\"https:\\\/\\\/martinmichaeli.com\\\/?s={search_term_string}\"},\"query-input\":{\"@type\":\"PropertyValueSpecification\",\"valueRequired\":true,\"valueName\":\"search_term_string\"}}],\"inLanguage\":\"fr-FR\"}]}<\/script>\n<!-- \/ Yoast SEO plugin. -->","yoast_head_json":{"title":"\u00ab Nous sommes le dernier porte-drapeau de la chaussure fran\u00e7aise \u00bb - MARTIN MICHAELI - L'histoire d&rsquo;une r&eacute;ussite","robots":{"index":"index","follow":"follow","max-snippet":"max-snippet:-1","max-image-preview":"max-image-preview:large","max-video-preview":"max-video-preview:-1"},"canonical":"https:\/\/martinmichaeli-5qqj2uickv.live-website.com\/interview-faz2015\/","og_locale":"fr_FR","og_type":"article","og_title":"\u00ab Nous sommes le dernier porte-drapeau de la chaussure fran\u00e7aise \u00bb - MARTIN MICHAELI - L'histoire d&rsquo;une r&eacute;ussite","og_url":"https:\/\/martinmichaeli-5qqj2uickv.live-website.com\/interview-faz2015\/","og_site_name":"MARTIN MICHAELI - L'histoire d&rsquo;une r&eacute;ussite","article_modified_time":"2024-03-26T14:06:31+00:00","og_image":[{"url":"https:\/\/martinmichaeli-5qqj2uickv.live-website.com\/wp-content\/uploads\/2024\/03\/FAZ-Artikel-2015-03-02-WEB-1.jpg","type":"","width":"","height":""}],"twitter_card":"summary_large_image","twitter_misc":{"Dur\u00e9e de lecture estim\u00e9e":"8 minutes"},"schema":{"@context":"https:\/\/schema.org","@graph":[{"@type":"WebPage","@id":"https:\/\/martinmichaeli-5qqj2uickv.live-website.com\/interview-faz2015\/","url":"https:\/\/martinmichaeli-5qqj2uickv.live-website.com\/interview-faz2015\/","name":"\u00ab Nous sommes le dernier porte-drapeau de la chaussure fran\u00e7aise \u00bb - MARTIN MICHAELI - L'histoire d&rsquo;une r&eacute;ussite","isPartOf":{"@id":"https:\/\/martinmichaeli.com\/#website"},"primaryImageOfPage":{"@id":"https:\/\/martinmichaeli-5qqj2uickv.live-website.com\/interview-faz2015\/#primaryimage"},"image":{"@id":"https:\/\/martinmichaeli-5qqj2uickv.live-website.com\/interview-faz2015\/#primaryimage"},"thumbnailUrl":"https:\/\/martinmichaeli.com\/wp-content\/uploads\/2024\/03\/FAZ-Artikel-2015-03-02-WEB-1.jpg","datePublished":"2024-03-25T13:46:11+00:00","dateModified":"2024-03-26T14:06:31+00:00","breadcrumb":{"@id":"https:\/\/martinmichaeli-5qqj2uickv.live-website.com\/interview-faz2015\/#breadcrumb"},"inLanguage":"fr-FR","potentialAction":[{"@type":"ReadAction","target":["https:\/\/martinmichaeli-5qqj2uickv.live-website.com\/interview-faz2015\/"]}]},{"@type":"ImageObject","inLanguage":"fr-FR","@id":"https:\/\/martinmichaeli-5qqj2uickv.live-website.com\/interview-faz2015\/#primaryimage","url":"https:\/\/martinmichaeli.com\/wp-content\/uploads\/2024\/03\/FAZ-Artikel-2015-03-02-WEB-1.jpg","contentUrl":"https:\/\/martinmichaeli.com\/wp-content\/uploads\/2024\/03\/FAZ-Artikel-2015-03-02-WEB-1.jpg"},{"@type":"BreadcrumbList","@id":"https:\/\/martinmichaeli-5qqj2uickv.live-website.com\/interview-faz2015\/#breadcrumb","itemListElement":[{"@type":"ListItem","position":1,"name":"Home","item":"https:\/\/martinmichaeli.com\/"},{"@type":"ListItem","position":2,"name":"\u00abWir halten die letzte Fahne hoch\u00bb"}]},{"@type":"WebSite","@id":"https:\/\/martinmichaeli.com\/#website","url":"https:\/\/martinmichaeli.com\/","name":"MARTIN MICHAELI - L'histoire d&rsquo;une r&eacute;ussite","description":"Chevalier de la L&eacute;gion d&rsquo;Honneur, Chevalier de l&rsquo;Ordre National du M&eacute;rite, Entrepreneur de l&rsquo;ann&eacute;e 1999","potentialAction":[{"@type":"SearchAction","target":{"@type":"EntryPoint","urlTemplate":"https:\/\/martinmichaeli.com\/?s={search_term_string}"},"query-input":{"@type":"PropertyValueSpecification","valueRequired":true,"valueName":"search_term_string"}}],"inLanguage":"fr-FR"}]}},"_links":{"self":[{"href":"https:\/\/martinmichaeli.com\/fr\/wp-json\/wp\/v2\/pages\/161","targetHints":{"allow":["GET"]}}],"collection":[{"href":"https:\/\/martinmichaeli.com\/fr\/wp-json\/wp\/v2\/pages"}],"about":[{"href":"https:\/\/martinmichaeli.com\/fr\/wp-json\/wp\/v2\/types\/page"}],"author":[{"embeddable":true,"href":"https:\/\/martinmichaeli.com\/fr\/wp-json\/wp\/v2\/users\/1"}],"replies":[{"embeddable":true,"href":"https:\/\/martinmichaeli.com\/fr\/wp-json\/wp\/v2\/comments?post=161"}],"version-history":[{"count":21,"href":"https:\/\/martinmichaeli.com\/fr\/wp-json\/wp\/v2\/pages\/161\/revisions"}],"predecessor-version":[{"id":266,"href":"https:\/\/martinmichaeli.com\/fr\/wp-json\/wp\/v2\/pages\/161\/revisions\/266"}],"wp:attachment":[{"href":"https:\/\/martinmichaeli.com\/fr\/wp-json\/wp\/v2\/media?parent=161"}],"curies":[{"name":"wp","href":"https:\/\/api.w.org\/{rel}","templated":true}]}}