{"id":83,"date":"2024-03-21T15:53:21","date_gmt":"2024-03-21T14:53:21","guid":{"rendered":"https:\/\/martinmichaeli.com\/?page_id=83"},"modified":"2025-12-12T14:43:39","modified_gmt":"2025-12-12T13:43:39","slug":"mit-mephisto-hat-er-erfolgsgeschichte-geschrieben","status":"publish","type":"page","link":"https:\/\/martinmichaeli.com\/fr\/","title":{"rendered":"Avec MEPHISTO, il a \u00e9crit une histoire \u00e0 succ\u00e8s"},"content":{"rendered":"\n<div style=\"height:10px\" aria-hidden=\"true\" class=\"wp-block-spacer\"><\/div>\n\n\n\n<div class=\"wp-block-group has-global-padding is-layout-constrained wp-container-core-group-is-layout-f08714f4 wp-block-group-is-layout-constrained\" style=\"margin-top:0\">\n<figure class=\"wp-block-image aligncenter size-full is-resized is-style-rounded is-style-rounded--1\"><img loading=\"lazy\" decoding=\"async\" width=\"1000\" height=\"950\" src=\"https:\/\/martinmichaeli.com\/wp-content\/uploads\/2024\/03\/MMPortrait-067A2571-2.jpg\" alt=\"\" class=\"wp-image-219\" style=\"width:540px\" srcset=\"https:\/\/martinmichaeli.com\/wp-content\/uploads\/2024\/03\/MMPortrait-067A2571-2.jpg 1000w, https:\/\/martinmichaeli.com\/wp-content\/uploads\/2024\/03\/MMPortrait-067A2571-2-300x285.jpg 300w, https:\/\/martinmichaeli.com\/wp-content\/uploads\/2024\/03\/MMPortrait-067A2571-2-768x730.jpg 768w\" sizes=\"auto, (max-width: 1000px) 100vw, 1000px\" \/><\/figure>\n\n\n\n<p class=\"has-text-align-center has-small-font-size\" style=\"margin-top:var(--wp--preset--spacing--30);padding-right:0;padding-left:var(--wp--preset--spacing--10)\">S\u00e9lectionn\u00e9 parmi 11.000 patrons en France, Martin Michaeli a re\u00e7u le \u00ab Grand Prix de l\u2019Entepreneur \u00bb en 1999. Fran\u00e7ois Mitterand, Pr\u00e9sident de la R\u00e9publique, lui a d\u00e9cern\u00e9 en 1995 l\u2019 \u00ab Ordre National du M\u00e9rite \u00bb. En 2000, Jacques Chirac, Pr\u00e9sident de la R\u00e9publique, l\u2019a honor\u00e9 de la plus haute distinction de l\u2019Etat fran\u00e7ais en le faisant \u00ab Chevalier de la L\u00e9gion d\u2019Honneur \u00bb. Il a obtenu plusieurs fois l\u2019 \u00ab Oscar de l\u2019Exportation \u00bb ainsi que le \u00abPrix de la Meilleure Marque de Chaussures de France \u00bb de la part du d\u00e9tail de la chaussure.<\/p>\n\n\n\n<p class=\"has-text-align-center has-small-font-size\" style=\"padding-left:var(--wp--preset--spacing--10)\">Le cosmopolite dit de lui-m\u00eame qu\u2019il h\u00e9berge trois \u00e2mes dans sa poitrine : une allemande, une am\u00e9ricaine et une fran\u00e7aise, toutes trois vivant \u00e0 pr\u00e9sent en Suisse.<\/p>\n<\/div>\n\n\n\n<div style=\"height:40px\" aria-hidden=\"true\" class=\"wp-block-spacer\"><\/div>\n\n\n\n<blockquote class=\"wp-block-quote has-text-align-center is-layout-flow wp-block-quote-is-layout-flow\" style=\"line-height:1.5\">\n<p style=\"padding-top:0;padding-right:0;padding-bottom:0;padding-left:0;font-size:clamp(1.25rem, 1.25rem + ((1vw - 0.2rem) * 1.25), 2rem);\">\u201cEn tant que fondateur, on ne <br>peut jamais vraiment l\u00e2cher prise\u201d.<\/p>\n<cite>Martin Michaeli D\u00e9cembre 2023<\/cite><\/blockquote>\n\n\n\n<div style=\"height:40px\" aria-hidden=\"true\" class=\"wp-block-spacer\"><\/div>\n\n\n\n<div class=\"wp-block-group has-global-padding is-layout-constrained wp-container-core-group-is-layout-f08714f4 wp-block-group-is-layout-constrained\" style=\"margin-top:0\">\n<figure class=\"wp-block-image aligncenter size-full is-resized is-style-rounded is-style-rounded--2\"><a href=\"https:\/\/martinmichaeli.com\/wp-content\/uploads\/epaper\/interview-bilanz-fr\/index.html\" target=\"_blank\" rel=\"noreferrer noopener\"><img loading=\"lazy\" decoding=\"async\" width=\"1200\" height=\"848\" src=\"https:\/\/martinmichaeli.com\/wp-content\/uploads\/2024\/03\/Bilanz-Interview-25.11.2022_Preview_fr.jpg\" alt=\"\" class=\"wp-image-249\" style=\"width:540px\" srcset=\"https:\/\/martinmichaeli.com\/wp-content\/uploads\/2024\/03\/Bilanz-Interview-25.11.2022_Preview_fr.jpg 1200w, https:\/\/martinmichaeli.com\/wp-content\/uploads\/2024\/03\/Bilanz-Interview-25.11.2022_Preview_fr-300x212.jpg 300w, https:\/\/martinmichaeli.com\/wp-content\/uploads\/2024\/03\/Bilanz-Interview-25.11.2022_Preview_fr-1024x724.jpg 1024w, https:\/\/martinmichaeli.com\/wp-content\/uploads\/2024\/03\/Bilanz-Interview-25.11.2022_Preview_fr-768x543.jpg 768w\" sizes=\"auto, (max-width: 1200px) 100vw, 1200px\" \/><\/a><\/figure>\n\n\n\n<p class=\"has-text-align-center\" style=\"writing-mode:horizontal-tb\">Un entretien avec l\u2019entrepreneur Martin Michaeli, <br>paru en d\u00e9cembre 2023 dans le magazine <br>\u00e9conomique suisse de r\u00e9f\u00e9rence BILANZ.<\/p>\n\n\n\n<div class=\"wp-block-buttons is-content-justification-center is-layout-flex wp-container-core-buttons-is-layout-a89b3969 wp-block-buttons-is-layout-flex\">\n<div class=\"wp-block-button is-style-outline is-style-outline--3\"><a class=\"wp-block-button__link has-text-align-center wp-element-button\" href=\"https:\/\/martinmichaeli.com\/wp-content\/uploads\/epaper\/interview-bilanz-fr\/index.html\" target=\"_blank\" rel=\"noreferrer noopener\">LIRE L&rsquo;INTERVIEW<\/a><\/div>\n<\/div>\n<\/div>\n\n\n\n<div class=\"wp-block-group has-global-padding is-layout-constrained wp-container-core-group-is-layout-a20b436a wp-block-group-is-layout-constrained\" style=\"margin-top:var(--wp--preset--spacing--40)\">\n<figure class=\"wp-block-image aligncenter size-full is-style-rounded is-style-rounded--4\"><a href=\"https:\/\/martinmichaeli.com\/wp-content\/uploads\/epaper\/interview-schuhkurier-2025-09\/fr\/index.html\" target=\"_blank\" rel=\"noreferrer noopener\"><img loading=\"lazy\" decoding=\"async\" width=\"1200\" height=\"851\" src=\"https:\/\/martinmichaeli.com\/wp-content\/uploads\/2025\/12\/sk-interview_preview-fr.jpg\" alt=\"\" class=\"wp-image-409\" srcset=\"https:\/\/martinmichaeli.com\/wp-content\/uploads\/2025\/12\/sk-interview_preview-fr.jpg 1200w, https:\/\/martinmichaeli.com\/wp-content\/uploads\/2025\/12\/sk-interview_preview-fr-300x213.jpg 300w, https:\/\/martinmichaeli.com\/wp-content\/uploads\/2025\/12\/sk-interview_preview-fr-1024x726.jpg 1024w, https:\/\/martinmichaeli.com\/wp-content\/uploads\/2025\/12\/sk-interview_preview-fr-768x545.jpg 768w\" sizes=\"auto, (max-width: 1200px) 100vw, 1200px\" \/><\/a><\/figure>\n\n\n\n<p class=\"has-text-align-center\" style=\"writing-mode:horizontal-tb\">Un article publi\u00e9 en septembre 2025 dans le magazine allemand SCHUHKURIER, offrant un aper\u00e7u personnel de la vie professionnelle de Martin Michaeli et du d\u00e9veloppement de la marque MEPHISTO.<\/p>\n\n\n\n<div class=\"wp-block-buttons is-content-justification-center is-layout-flex wp-container-core-buttons-is-layout-a89b3969 wp-block-buttons-is-layout-flex\">\n<div class=\"wp-block-button is-style-outline is-style-outline--5\"><a class=\"wp-block-button__link has-text-align-center wp-element-button\" href=\"https:\/\/martinmichaeli.com\/wp-content\/uploads\/epaper\/interview-schuhkurier-2025-09\/fr\/index.html\" target=\"_blank\" rel=\"noreferrer noopener\">LIRE L&rsquo;ARTICLE<\/a><\/div>\n<\/div>\n<\/div>\n\n\n\n<div style=\"height:80px\" aria-hidden=\"true\" class=\"wp-block-spacer\"><\/div>\n\n\n\n<div class=\"wp-block-group has-global-padding is-layout-constrained wp-container-core-group-is-layout-f08714f4 wp-block-group-is-layout-constrained\" style=\"margin-top:0\">\n<figure class=\"wp-block-image size-full is-resized is-style-rounded is-style-rounded--6\"><a href=\"https:\/\/martinmichaeli.com\/fr\/interview-faz2015\/\"><img loading=\"lazy\" decoding=\"async\" width=\"864\" height=\"750\" src=\"https:\/\/martinmichaeli.com\/wp-content\/uploads\/2024\/03\/FAZ-Artikel-2015-03-02-WEB.jpg\" alt=\"\" class=\"wp-image-93\" style=\"width:540px\" srcset=\"https:\/\/martinmichaeli.com\/wp-content\/uploads\/2024\/03\/FAZ-Artikel-2015-03-02-WEB.jpg 864w, https:\/\/martinmichaeli.com\/wp-content\/uploads\/2024\/03\/FAZ-Artikel-2015-03-02-WEB-300x260.jpg 300w, https:\/\/martinmichaeli.com\/wp-content\/uploads\/2024\/03\/FAZ-Artikel-2015-03-02-WEB-768x667.jpg 768w\" sizes=\"auto, (max-width: 864px) 100vw, 864px\" \/><\/a><\/figure>\n\n\n\n<h3 class=\"wp-block-heading has-text-align-center\">\u00ab Nous sommes le dernier porte-drapeau de la chaussure fran\u00e7aise \u00bb<\/h3>\n\n\n\n<p class=\"has-text-align-center has-small-font-size\" style=\"writing-mode:horizontal-tb\">Paru dans le journal \u201cFrankfurter Allgemeine Zeitung <br>fu\u0308r Deutschland\u201c du 02.03.2015<\/p>\n\n\n\n<div class=\"wp-block-buttons is-content-justification-center is-layout-flex wp-container-core-buttons-is-layout-a89b3969 wp-block-buttons-is-layout-flex\">\n<div class=\"wp-block-button is-style-outline is-style-outline--7\"><a class=\"wp-block-button__link has-text-align-center wp-element-button\" href=\"https:\/\/martinmichaeli.com\/fr\/interview-faz2015\/\">LIRE L&rsquo;INTERVIEW<\/a><\/div>\n<\/div>\n<\/div>\n\n\n\n<div class=\"wp-block-media-text has-media-on-the-right is-stacked-on-mobile has-base-2-background-color has-background\" style=\"margin-top:var(--wp--preset--spacing--30);padding-top:var(--wp--preset--spacing--10);padding-right:var(--wp--preset--spacing--10);padding-bottom:var(--wp--preset--spacing--10);padding-left:var(--wp--preset--spacing--10);grid-template-columns:auto 33%\"><div class=\"wp-block-media-text__content\">\n<p class=\"has-text-align-center has-small-font-size\"><strong>PARU EN 2010<\/strong><\/p>\n\n\n\n<h2 class=\"wp-block-heading has-text-align-center\">O\u00f9 mes chaussures <br>m\u2019ont port\u00e9<\/h2>\n\n\n\n<p class=\"has-text-align-center has-medium-font-size\">Biographie du fondateur de l\u2019entreprise <br>Martin Michali,avec de nombreuses photos <br>et documents rares. En Allemand et Fran\u00e7ais.<\/p>\n\n\n\n<p class=\"has-text-align-center has-contrast-3-color has-text-color has-link-color has-small-font-size wp-elements-313ed5306d58be859cacc37a7791c4c2\"><br>Edition limit\u00e9e ; disponible uniquement sur demande sp\u00e9ciale.<\/p>\n<\/div><figure class=\"wp-block-media-text__media\"><img loading=\"lazy\" decoding=\"async\" width=\"400\" height=\"566\" src=\"https:\/\/martinmichaeli.com\/wp-content\/uploads\/2024\/03\/Cover-Biografie-MartinMichaeli.png\" alt=\"\" class=\"wp-image-98 size-full\" srcset=\"https:\/\/martinmichaeli.com\/wp-content\/uploads\/2024\/03\/Cover-Biografie-MartinMichaeli.png 400w, https:\/\/martinmichaeli.com\/wp-content\/uploads\/2024\/03\/Cover-Biografie-MartinMichaeli-212x300.png 212w\" sizes=\"auto, (max-width: 400px) 100vw, 400px\" \/><\/figure><\/div>\n\n\n\n<div style=\"height:80px\" aria-hidden=\"true\" class=\"wp-block-spacer\"><\/div>\n\n\n\n<div class=\"wp-block-group has-global-padding is-layout-constrained wp-container-core-group-is-layout-f08714f4 wp-block-group-is-layout-constrained\" style=\"margin-top:0\">\n<figure class=\"wp-block-image size-full is-resized is-style-rounded is-style-rounded--8\"><img loading=\"lazy\" decoding=\"async\" width=\"1200\" height=\"804\" src=\"https:\/\/martinmichaeli.com\/wp-content\/uploads\/2024\/03\/Live50ans_grau.jpg\" alt=\"\" class=\"wp-image-133\" style=\"width:540px\" srcset=\"https:\/\/martinmichaeli.com\/wp-content\/uploads\/2024\/03\/Live50ans_grau.jpg 1200w, https:\/\/martinmichaeli.com\/wp-content\/uploads\/2024\/03\/Live50ans_grau-300x201.jpg 300w, https:\/\/martinmichaeli.com\/wp-content\/uploads\/2024\/03\/Live50ans_grau-1024x686.jpg 1024w, https:\/\/martinmichaeli.com\/wp-content\/uploads\/2024\/03\/Live50ans_grau-768x515.jpg 768w\" sizes=\"auto, (max-width: 1200px) 100vw, 1200px\" \/><\/figure>\n\n\n\n<p class=\"has-text-align-center has-small-font-size\"><strong>PARU EN 2015<\/strong><\/p>\n\n\n\n<h3 class=\"wp-block-heading has-text-align-center\">MEPHISTO \u2013 50 ans de succ\u00e8s<br>Un fabricant de chaussures unique <br>en son genre<\/h3>\n\n\n\n<p class=\"has-text-align-center has-small-font-size\">Livre richement illustr\u00e9 sur les 50 ans de succ\u00e8s de la marque MEPHISTO, paru aux \u00e9ditions du Cherche Midi.<br><\/p>\n\n\n\n<p class=\"has-text-align-center has-contrast-3-color has-text-color has-link-color has-small-font-size wp-elements-e8920b14896d77dec8a0e8822e643653\">Disponible en Anglais, Fran\u00e7ais et Allemand, <br>uniquement sur demande sp\u00e9ciale.<\/p>\n<\/div>\n\n\n\n<div style=\"height:40px\" aria-hidden=\"true\" class=\"wp-block-spacer\"><\/div>\n\n\n\n<hr class=\"wp-block-separator has-text-color has-accent-5-color has-alpha-channel-opacity has-accent-5-background-color has-background is-style-wide\" style=\"margin-top:0;margin-bottom:0\"\/>\n\n\n\n<div style=\"height:40px\" aria-hidden=\"true\" class=\"wp-block-spacer\"><\/div>\n\n\n\n<h2 class=\"wp-block-heading has-text-align-center\" style=\"padding-right:0;padding-left:0\">Vous avez des questions ?<\/h2>\n\n\n\n<p class=\"has-text-align-center has-small-font-size\" style=\"margin-right:0;margin-left:0;padding-right:0;padding-left:0\">Si vous souhaitez en savoir plus sur Martin Michaeli ou si vous avez des questions sur l\u2019entreprise MEPHISTO, n\u2019h\u00e9sitez pas \u00e0 prendre contact avec nous.<br><\/p>\n\n\n\n<div class=\"wp-block-buttons is-content-justification-center is-layout-flex wp-container-core-buttons-is-layout-a89b3969 wp-block-buttons-is-layout-flex\">\n<div class=\"wp-block-button is-style-outline is-style-outline--9\"><a class=\"wp-block-button__link has-text-align-center wp-element-button\" href=\"https:\/\/martinmichaeli.com\/fr\/kontakt\/\">CONTACT PRESSE<\/a><\/div>\n<\/div>\n\n\n\n<div style=\"height:80px\" aria-hidden=\"true\" class=\"wp-block-spacer\"><\/div>\n\n\n\n<div class=\"wp-block-group alignfull has-background-color has-base-2-background-color has-background has-global-padding is-layout-constrained wp-container-core-group-is-layout-5d2f8bdc wp-block-group-is-layout-constrained\" style=\"margin-top:0;margin-bottom:0;padding-top:var(--wp--preset--spacing--40);padding-right:var(--wp--preset--spacing--30);padding-bottom:var(--wp--preset--spacing--40);padding-left:var(--wp--preset--spacing--30)\">\n<div class=\"wp-block-group alignwide is-content-justification-space-between is-layout-flex wp-container-core-group-is-layout-b585a4aa wp-block-group-is-layout-flex\">\n<div class=\"wp-block-group is-layout-flex wp-block-group-is-layout-flex\"><h1 class=\"wp-block-site-title has-small-font-size\"><a href=\"https:\/\/martinmichaeli.com\/fr\" target=\"_self\" rel=\"home\"> MARTIN MICHAELI &#8211; L&#039;histoire d&rsquo;une r&eacute;ussite<\/a><\/h1><\/div>\n\n\n\n<p class=\"has-small-font-size\">\u00a9 Copyright 2024 Martin Michaeli | Tous droits r\u00e9serv\u00e9s<\/p>\n<\/div>\n<\/div>\n","protected":false},"excerpt":{"rendered":"<p>S\u00e9lectionn\u00e9 parmi 11.000 patrons en France, Martin Michaeli a re\u00e7u le \u00ab Grand Prix de l\u2019Entepreneur \u00bb en 1999. Fran\u00e7ois Mitterand, Pr\u00e9sident de la R\u00e9publique, lui a d\u00e9cern\u00e9 en 1995 l\u2019 \u00ab Ordre National du M\u00e9rite \u00bb. En 2000, Jacques Chirac, Pr\u00e9sident de la R\u00e9publique, l\u2019a honor\u00e9 de la plus haute distinction de l\u2019Etat fran\u00e7ais [&hellip;]<\/p>\n","protected":false},"author":1,"featured_media":0,"parent":0,"menu_order":0,"comment_status":"closed","ping_status":"closed","template":"","meta":{"footnotes":""},"class_list":["post-83","page","type-page","status-publish","hentry"],"translation":{"provider":"WPGlobus","version":"3.0.2","language":"fr","enabled_languages":["de","fr","en"],"languages":{"de":{"title":true,"content":true,"excerpt":false},"fr":{"title":true,"content":true,"excerpt":false},"en":{"title":true,"content":true,"excerpt":false}}},"yoast_head":"<!-- This site is optimized with the Yoast SEO plugin v27.5 - https:\/\/yoast.com\/product\/yoast-seo-wordpress\/ -->\n<title>Avec MEPHISTO, il a \u00e9crit une histoire \u00e0 succ\u00e8s - MARTIN MICHAELI - L&#039;histoire d&rsquo;une r&eacute;ussite<\/title>\n<meta name=\"robots\" content=\"index, follow, max-snippet:-1, max-image-preview:large, max-video-preview:-1\" \/>\n<link rel=\"canonical\" href=\"https:\/\/martinmichaeli.com\/\" \/>\n<meta property=\"og:locale\" content=\"fr_FR\" \/>\n<meta property=\"og:type\" content=\"article\" \/>\n<meta property=\"og:title\" content=\"Avec MEPHISTO, il a \u00e9crit une histoire \u00e0 succ\u00e8s - MARTIN MICHAELI - L&#039;histoire d&rsquo;une r&eacute;ussite\" \/>\n<meta property=\"og:url\" content=\"https:\/\/martinmichaeli.com\/\" \/>\n<meta property=\"og:site_name\" content=\"MARTIN MICHAELI - L&#039;histoire d&rsquo;une r&eacute;ussite\" \/>\n<meta property=\"article:modified_time\" content=\"2025-12-12T13:43:39+00:00\" \/>\n<meta property=\"og:image\" content=\"https:\/\/martinmichaeli.com\/wp-content\/uploads\/2024\/03\/MMPortrait-067A2571-2.jpg\" \/>\n\t<meta property=\"og:image:width\" content=\"1000\" \/>\n\t<meta property=\"og:image:height\" content=\"950\" \/>\n\t<meta property=\"og:image:type\" content=\"image\/jpeg\" \/>\n<meta name=\"twitter:card\" content=\"summary_large_image\" \/>\n<meta name=\"twitter:label1\" content=\"Dur\u00e9e de lecture estim\u00e9e\" \/>\n\t<meta name=\"twitter:data1\" content=\"3 minutes\" \/>\n<script type=\"application\/ld+json\" class=\"yoast-schema-graph\">{\"@context\":\"https:\\\/\\\/schema.org\",\"@graph\":[{\"@type\":\"WebPage\",\"@id\":\"https:\\\/\\\/martinmichaeli.com\\\/\",\"url\":\"https:\\\/\\\/martinmichaeli.com\\\/\",\"name\":\"Avec MEPHISTO, il a \u00e9crit une histoire \u00e0 succ\u00e8s - MARTIN MICHAELI - L'histoire d&rsquo;une r&eacute;ussite\",\"isPartOf\":{\"@id\":\"https:\\\/\\\/martinmichaeli.com\\\/#website\"},\"primaryImageOfPage\":{\"@id\":\"https:\\\/\\\/martinmichaeli.com\\\/#primaryimage\"},\"image\":{\"@id\":\"https:\\\/\\\/martinmichaeli.com\\\/#primaryimage\"},\"thumbnailUrl\":\"https:\\\/\\\/martinmichaeli.com\\\/wp-content\\\/uploads\\\/2024\\\/03\\\/MMPortrait-067A2571-2.jpg\",\"datePublished\":\"2024-03-21T14:53:21+00:00\",\"dateModified\":\"2025-12-12T13:43:39+00:00\",\"breadcrumb\":{\"@id\":\"https:\\\/\\\/martinmichaeli.com\\\/#breadcrumb\"},\"inLanguage\":\"fr-FR\",\"potentialAction\":[{\"@type\":\"ReadAction\",\"target\":[\"https:\\\/\\\/martinmichaeli.com\\\/\"]}]},{\"@type\":\"ImageObject\",\"inLanguage\":\"fr-FR\",\"@id\":\"https:\\\/\\\/martinmichaeli.com\\\/#primaryimage\",\"url\":\"https:\\\/\\\/martinmichaeli.com\\\/wp-content\\\/uploads\\\/2024\\\/03\\\/MMPortrait-067A2571-2.jpg\",\"contentUrl\":\"https:\\\/\\\/martinmichaeli.com\\\/wp-content\\\/uploads\\\/2024\\\/03\\\/MMPortrait-067A2571-2.jpg\"},{\"@type\":\"BreadcrumbList\",\"@id\":\"https:\\\/\\\/martinmichaeli.com\\\/#breadcrumb\",\"itemListElement\":[{\"@type\":\"ListItem\",\"position\":1,\"name\":\"Home\",\"item\":\"https:\\\/\\\/martinmichaeli.com\\\/\"},{\"@type\":\"ListItem\",\"position\":2,\"name\":\"Mit MEPHISTO hat er Erfolgsgeschichte geschrieben\"}]},{\"@type\":\"WebSite\",\"@id\":\"https:\\\/\\\/martinmichaeli.com\\\/#website\",\"url\":\"https:\\\/\\\/martinmichaeli.com\\\/\",\"name\":\"MARTIN MICHAELI - L'histoire d&rsquo;une r&eacute;ussite\",\"description\":\"Chevalier de la L&eacute;gion d&rsquo;Honneur, Chevalier de l&rsquo;Ordre National du M&eacute;rite, Entrepreneur de l&rsquo;ann&eacute;e 1999\",\"potentialAction\":[{\"@type\":\"SearchAction\",\"target\":{\"@type\":\"EntryPoint\",\"urlTemplate\":\"https:\\\/\\\/martinmichaeli.com\\\/?s={search_term_string}\"},\"query-input\":{\"@type\":\"PropertyValueSpecification\",\"valueRequired\":true,\"valueName\":\"search_term_string\"}}],\"inLanguage\":\"fr-FR\"}]}<\/script>\n<!-- \/ Yoast SEO plugin. -->","yoast_head_json":{"title":"Avec MEPHISTO, il a \u00e9crit une histoire \u00e0 succ\u00e8s - MARTIN MICHAELI - L'histoire d&rsquo;une r&eacute;ussite","robots":{"index":"index","follow":"follow","max-snippet":"max-snippet:-1","max-image-preview":"max-image-preview:large","max-video-preview":"max-video-preview:-1"},"canonical":"https:\/\/martinmichaeli.com\/","og_locale":"fr_FR","og_type":"article","og_title":"Avec MEPHISTO, il a \u00e9crit une histoire \u00e0 succ\u00e8s - MARTIN MICHAELI - L'histoire d&rsquo;une r&eacute;ussite","og_url":"https:\/\/martinmichaeli.com\/","og_site_name":"MARTIN MICHAELI - L'histoire d&rsquo;une r&eacute;ussite","article_modified_time":"2025-12-12T13:43:39+00:00","og_image":[{"width":1000,"height":950,"url":"https:\/\/martinmichaeli.com\/wp-content\/uploads\/2024\/03\/MMPortrait-067A2571-2.jpg","type":"image\/jpeg"}],"twitter_card":"summary_large_image","twitter_misc":{"Dur\u00e9e de lecture estim\u00e9e":"3 minutes"},"schema":{"@context":"https:\/\/schema.org","@graph":[{"@type":"WebPage","@id":"https:\/\/martinmichaeli.com\/","url":"https:\/\/martinmichaeli.com\/","name":"Avec MEPHISTO, il a \u00e9crit une histoire \u00e0 succ\u00e8s - MARTIN MICHAELI - L'histoire d&rsquo;une r&eacute;ussite","isPartOf":{"@id":"https:\/\/martinmichaeli.com\/#website"},"primaryImageOfPage":{"@id":"https:\/\/martinmichaeli.com\/#primaryimage"},"image":{"@id":"https:\/\/martinmichaeli.com\/#primaryimage"},"thumbnailUrl":"https:\/\/martinmichaeli.com\/wp-content\/uploads\/2024\/03\/MMPortrait-067A2571-2.jpg","datePublished":"2024-03-21T14:53:21+00:00","dateModified":"2025-12-12T13:43:39+00:00","breadcrumb":{"@id":"https:\/\/martinmichaeli.com\/#breadcrumb"},"inLanguage":"fr-FR","potentialAction":[{"@type":"ReadAction","target":["https:\/\/martinmichaeli.com\/"]}]},{"@type":"ImageObject","inLanguage":"fr-FR","@id":"https:\/\/martinmichaeli.com\/#primaryimage","url":"https:\/\/martinmichaeli.com\/wp-content\/uploads\/2024\/03\/MMPortrait-067A2571-2.jpg","contentUrl":"https:\/\/martinmichaeli.com\/wp-content\/uploads\/2024\/03\/MMPortrait-067A2571-2.jpg"},{"@type":"BreadcrumbList","@id":"https:\/\/martinmichaeli.com\/#breadcrumb","itemListElement":[{"@type":"ListItem","position":1,"name":"Home","item":"https:\/\/martinmichaeli.com\/"},{"@type":"ListItem","position":2,"name":"Mit MEPHISTO hat er Erfolgsgeschichte geschrieben"}]},{"@type":"WebSite","@id":"https:\/\/martinmichaeli.com\/#website","url":"https:\/\/martinmichaeli.com\/","name":"MARTIN MICHAELI - L'histoire d&rsquo;une r&eacute;ussite","description":"Chevalier de la L&eacute;gion d&rsquo;Honneur, Chevalier de l&rsquo;Ordre National du M&eacute;rite, Entrepreneur de l&rsquo;ann&eacute;e 1999","potentialAction":[{"@type":"SearchAction","target":{"@type":"EntryPoint","urlTemplate":"https:\/\/martinmichaeli.com\/?s={search_term_string}"},"query-input":{"@type":"PropertyValueSpecification","valueRequired":true,"valueName":"search_term_string"}}],"inLanguage":"fr-FR"}]}},"_links":{"self":[{"href":"https:\/\/martinmichaeli.com\/fr\/wp-json\/wp\/v2\/pages\/83","targetHints":{"allow":["GET"]}}],"collection":[{"href":"https:\/\/martinmichaeli.com\/fr\/wp-json\/wp\/v2\/pages"}],"about":[{"href":"https:\/\/martinmichaeli.com\/fr\/wp-json\/wp\/v2\/types\/page"}],"author":[{"embeddable":true,"href":"https:\/\/martinmichaeli.com\/fr\/wp-json\/wp\/v2\/users\/1"}],"replies":[{"embeddable":true,"href":"https:\/\/martinmichaeli.com\/fr\/wp-json\/wp\/v2\/comments?post=83"}],"version-history":[{"count":123,"href":"https:\/\/martinmichaeli.com\/fr\/wp-json\/wp\/v2\/pages\/83\/revisions"}],"predecessor-version":[{"id":419,"href":"https:\/\/martinmichaeli.com\/fr\/wp-json\/wp\/v2\/pages\/83\/revisions\/419"}],"wp:attachment":[{"href":"https:\/\/martinmichaeli.com\/fr\/wp-json\/wp\/v2\/media?parent=83"}],"curies":[{"name":"wp","href":"https:\/\/api.w.org\/{rel}","templated":true}]}}